{"id":107,"date":"2017-03-16T01:27:34","date_gmt":"2017-03-16T01:27:34","guid":{"rendered":"https:\/\/www.nostolava.fi\/?page_id=107"},"modified":"2021-03-23T16:09:26","modified_gmt":"2021-03-23T14:09:26","slug":"nostolavojen-teknisia-tietoa","status":"publish","type":"page","link":"https:\/\/www.nostolava.fi\/fi\/tuotteet\/nostolavojen-teknisia-tietoa\/","title":{"rendered":"Nostolavojen teknisi\u00e4 tietoa"},"content":{"rendered":"<div class=\"float-left\">\n<p><span style=\"font-family: Verdana, Arial, Helvetica, sans-serif; font-size: small;\"><br \/>\n<strong>Sylinterit<\/strong><\/span><\/p>\n<ul>\n<li><span style=\"font-family: Verdana, Arial, Helvetica, sans-serif; font-size: small;\"> yksitoiminen kovakromattu, kaksitoiminen<br \/>\nvalinnaisena, uppom\u00e4nt\u00e4sylinteri vakiona<\/span><\/li>\n<li><span style=\"font-family: Verdana, Arial, Helvetica, sans-serif; font-size: small;\"> ilmausruuvi uppom\u00e4nt\u00e4sylintereiss\u00e4 vakiona <\/span><\/li>\n<li><span style=\"font-family: Verdana, Arial, Helvetica, sans-serif; font-size: small;\"> iskunrajoitin<\/span><\/li>\n<\/ul>\n<p><span style=\"font-family: Verdana, Arial, Helvetica, sans-serif; font-size: small;\"><br \/>\n<strong>Ohjaustapoja<\/strong><\/span><\/p>\n<ul>\n<li><span style=\"font-family: Verdana, Arial, Helvetica, sans-serif; font-size: small;\"> painonapit yl\u00f6s \/ alas<\/span><\/li>\n<li><span style=\"font-family: Verdana, Arial, Helvetica, sans-serif; font-size: small;\"> jalkapoljink\u00e4ytt\u00f6 yl\u00f6s \/ alas<\/span><\/li>\n<li><span style=\"font-family: Verdana, Arial, Helvetica, sans-serif; font-size: small;\"> kytkent\u00e4 riviliitinkotelolle, ohjaus<br \/>\nasiakkaan omasta j\u00e4rjestelm\u00e4st\u00e4<\/span><\/li>\n<li><span style=\"font-family: Verdana, Arial, Helvetica, sans-serif; font-size: small;\"> monimutkaisemmat toiminnat<br \/>\nlogiikkaohjauksella<\/span><\/li>\n<\/ul>\n<p><span style=\"font-family: Verdana, Arial, Helvetica, sans-serif; font-size: small;\"><br \/>\n<strong>Pintak\u00e4sittely<\/strong><\/span><\/p>\n<ul>\n<li><span style=\"font-family: Verdana, Arial, Helvetica, sans-serif; font-size: small;\">aina metalliosien raepuhallus ennen maalausta<\/span><\/li>\n<li><span style=\"font-family: Verdana, Arial, Helvetica, sans-serif; font-size: small;\"> vakiona polyuretaanimaalaus PUR80, <\/span><span style=\"font-family: Verdana, Arial, Helvetica, sans-serif; font-size: small;\">vaihtoehtona PUR100 tai vaativaan ymp\u00e4rist\u00f6\u00f6n&nbsp;suositeltavat PUR120\/2 ja PUR240\/3<\/span><\/li>\n<li><span style=\"font-family: Verdana, Arial, Helvetica, sans-serif; font-size: small;\">epoksimaalaus E80 tai E120 tilauksesta<\/span><\/li>\n<li><span style=\"font-family: Verdana, Arial, Helvetica, sans-serif; font-size: small;\">v\u00e4ris\u00e4vy RAL 5024&nbsp;vakiona, muut v\u00e4ris\u00e4vyt tilauksesta<\/span><\/li>\n<li><span style=\"font-family: Verdana, Arial, Helvetica, sans-serif; font-size: small;\"><span style=\"font-family: Verdana, Arial, Helvetica, sans-serif; font-size: small;\">tilauksesta<\/span><\/span>:\n<ul>\n<li><span style=\"font-family: Verdana, Arial, Helvetica, sans-serif; font-size: small;\">kuumasinkitys<\/span><\/li>\n<li><span style=\"font-family: Verdana, Arial, Helvetica, sans-serif; font-size: small;\">RST rakenne joko kokonaan tai osittain<\/span><\/li>\n<li><span style=\"font-family: Verdana, Arial, Helvetica, sans-serif; font-size: small;\">hiekkapinta liukuesteeksi kanteen<\/span><\/li>\n<\/ul>\n<\/li>\n<\/ul>\n<p><span style=\"font-family: Verdana, Arial, Helvetica, sans-serif; font-size: small;\"><br \/>\n<strong>Turvalaitteet<\/strong><\/span><\/p>\n<ul>\n<li><span style=\"font-family: Verdana, Arial, Helvetica, sans-serif; font-size: small;\"> suunnittelemamme laitteet t\u00e4ytt\u00e4v\u00e4t luonnollisesti nostop\u00f6ydille asetetut viranomaisnormit; t\u00e4rkeimp\u00e4n\u00e4&nbsp;SFS EN 1570-1 + A1<\/span><\/li>\n<li><span style=\"font-family: Verdana, Arial, Helvetica, sans-serif; font-size: small;\"> kategoria 1 turvavarustus vakiona<\/span><\/li>\n<li><span style=\"font-family: Verdana, Arial, Helvetica, sans-serif; font-size: small;\"> turvalista<\/span><\/li>\n<li><span style=\"font-family: Verdana, Arial, Helvetica, sans-serif; font-size: small;\"> huoltotuet<\/span><\/li>\n<li><span style=\"font-family: Verdana, Arial, Helvetica, sans-serif; font-size: small;\"> letkurikkoventtiilit<\/span><\/li>\n<li><span style=\"font-family: Verdana, Arial, Helvetica, sans-serif; font-size: small;\"><span style=\"font-family: Verdana, Arial, Helvetica, sans-serif; font-size: small;\">tilauksesta<\/span><\/span>:\n<ul>\n<li><span style=\"font-family: Verdana, Arial, Helvetica, sans-serif; font-size: small;\">saksiston suojalevyt tai suojapalkeet<\/span><\/li>\n<li><span style=\"font-family: Verdana, Arial, Helvetica, sans-serif; font-size: small;\">valokennosuojaus<\/span><\/li>\n<li><span style=\"font-family: Verdana, Arial, Helvetica, sans-serif; font-size: small;\">kaiteet, suojaverkot<\/span><\/li>\n<li><span style=\"font-family: Verdana, Arial, Helvetica, sans-serif; font-size: small;\">kipin\u00e4suojaus<\/span><\/li>\n<li><span style=\"font-family: Verdana, Arial, Helvetica, sans-serif; font-size: small;\">yliajoesteet<\/span><\/li>\n<li><span style=\"font-family: Verdana, Arial, Helvetica, sans-serif; font-size: small;\">mekaaniset lukitukset<\/span><\/li>\n<li><span style=\"font-family: Verdana, Arial, Helvetica, sans-serif; font-size: small;\">kategoria 2, 3 tai 4 mukaiset turvavarustukset; turvakytkimet, turvaportit<\/span><\/li>\n<\/ul>\n<\/li>\n<\/ul>\n<p><span style=\"font-family: Verdana, Arial, Helvetica, sans-serif; font-size: small;\"><strong>Asennus ja huoltopalvelu <\/strong><\/span><\/p>\n<ul>\n<li><span style=\"font-family: Verdana, Arial, Helvetica, sans-serif; font-size: small;\"> sopimuksesta toimitamme laitteet asennettuina<\/span><\/li>\n<li><span style=\"font-family: Verdana, Arial, Helvetica, sans-serif; font-size: small;\">vuosihuoltosopimukset<\/span><\/li>\n<\/ul>\n<p><span style=\"font-family: Verdana, Arial, Helvetica, sans-serif; font-size: small;\"><strong>Kansi<\/strong><\/span><\/p>\n<ul>\n<li><span style=\"font-family: Verdana, Arial, Helvetica, sans-serif; font-size: small;\"> putkipalkkikehikko<\/span><\/li>\n<li><span style=\"font-family: Verdana, Arial, Helvetica, sans-serif; font-size: small;\"> ter\u00e4slevykansi; sile\u00e4 tai kyynellevy<\/span><\/li>\n<li><span style=\"font-family: Verdana, Arial, Helvetica, sans-serif; font-size: small;\"> ter\u00e4svahvikkeet kulkurullille<\/span><\/li>\n<li><span style=\"font-family: Verdana, Arial, Helvetica, sans-serif; font-size: small;\"> hitsattu rakenne<\/span><\/li>\n<\/ul>\n<p><span style=\"font-family: Verdana, Arial, Helvetica, sans-serif; font-size: small;\"><br \/>\n<strong>Sakset<\/strong><\/span><\/p>\n<ul>\n<li><span style=\"font-family: Verdana, Arial, Helvetica, sans-serif; font-size: small;\"> muotoon leikattua ter\u00e4slevy\u00e4<\/span><\/li>\n<\/ul>\n<p><span style=\"font-family: Verdana, Arial, Helvetica, sans-serif; font-size: small;\"><br \/>\n<strong>Laakerointi<\/strong><\/span><\/p>\n<ul>\n<li><span style=\"font-family: Verdana, Arial, Helvetica, sans-serif; font-size: small;\"> saksen kiinte\u00e4 p\u00e4\u00e4: liukulaakerointi<\/span><\/li>\n<li><span style=\"font-family: Verdana, Arial, Helvetica, sans-serif; font-size: small;\"> keskilaakeri: nivellaakeri<\/span><\/li>\n<li><span style=\"font-family: Verdana, Arial, Helvetica, sans-serif; font-size: small;\"> kulkurulla: kuulalaakeri<\/span><\/li>\n<\/ul>\n<p><span style=\"font-family: Verdana, Arial, Helvetica, sans-serif; font-size: small;\"><br \/>\n<strong>Alakeh\u00e4<\/strong><\/span><\/p>\n<ul>\n<li><span style=\"font-family: Verdana, Arial, Helvetica, sans-serif; font-size: small;\"> L-profiili<\/span><\/li>\n<li><span style=\"font-family: Verdana, Arial, Helvetica, sans-serif; font-size: small;\"> kiinnitys ja nostoreij\u00e4t<\/span><\/li>\n<\/ul>\n<p><span style=\"font-family: Verdana, Arial, Helvetica, sans-serif; font-size: small;\"><br \/>\n<strong>Ohjeelliset rakennekorkeudet, yksisaksiset nostop\u00f6yd\u00e4t:<\/strong><\/span><\/p>\n<ul>\n<li><span style=\"font-family: Verdana, Arial, Helvetica, sans-serif; font-size: small;\"> min 250 mm, jos nostovoima on alle 2000 kg<\/span><\/li>\n<li><span style=\"font-family: Verdana, Arial, Helvetica, sans-serif; font-size: small;\"> min 350 mm, jos nostovoima on alle 3500 kg<\/span><\/li>\n<li><span style=\"font-family: Verdana, Arial, Helvetica, sans-serif; font-size: small;\"> min 400 mm, jos nostovoima on alle 5000 kg<\/span><\/li>\n<li><span style=\"font-family: Verdana, Arial, Helvetica, sans-serif; font-size: small;\"> yli 400 mm, jos nostovoima on yli 5000 kg<br \/>\n<\/span><\/li>\n<\/ul>\n<p><span style=\"font-family: Verdana, Arial, Helvetica, sans-serif; font-size: small;\"><strong>Koneikot ja nostovoima (ohjeelliset arvot)<\/strong><\/span><\/p>\n<ul>\n<li><span style=\"font-family: Verdana, Arial, Helvetica, sans-serif; font-size: small;\"> 0,55, 0,75 kW jos nostovoima on alle 1000 kg<\/span><\/li>\n<li><span style=\"font-family: Verdana, Arial, Helvetica, sans-serif; font-size: small;\"> 1,1, 1,5 kW jos nostovoima on alle 2000 kg<\/span><\/li>\n<li><span style=\"font-family: Verdana, Arial, Helvetica, sans-serif; font-size: small;\"> 2,2 kW, jos nostovoima on alle 2000-3000 kg<\/span><\/li>\n<li><span style=\"font-family: Verdana, Arial, Helvetica, sans-serif; font-size: small;\"> 3,0 kW, jos nostovoima on alle n. 4000 kg<\/span><\/li>\n<li><span style=\"font-family: Verdana, Arial, Helvetica, sans-serif; font-size: small;\"> 4,0 kW, jos nostovoima on alle 6000-7000 kg<\/span><\/li>\n<li><span style=\"font-family: Verdana, Arial, Helvetica, sans-serif; font-size: small;\"> 7,5 kW, jos nostovoima on yli 7000 kg<\/span><\/li>\n<li><span style=\"font-family: Verdana, Arial, Helvetica, sans-serif; font-size: small;\"> moottori 400 V vakiona, tilauksesta&nbsp;my\u00f6s muita vaihtoehtoja<\/span><\/li>\n<li><span style=\"font-family: Verdana, Arial, Helvetica, sans-serif; font-size: small;\">koneikko voi olla joko laiterakenteessa tai nostop\u00f6yd\u00e4n ulkopuolella<\/span><\/li>\n<li><span style=\"font-family: Verdana, Arial, Helvetica, sans-serif; font-size: small;\"> kuormasta riippumaton laskeutumisnopeus<\/span><\/li>\n<li><span style=\"font-family: Verdana, Arial, Helvetica, sans-serif; font-size: small;\"> useamman nostop\u00f6yd\u00e4n&nbsp;ollessa l\u00e4hekk\u00e4in yhteinen koneikko on mahdollinen<\/span><\/li>\n<li><span style=\"font-family: Verdana, Arial, Helvetica, sans-serif; font-size: small;\"> magneettiventtiilit<\/span><\/li>\n<li><span style=\"font-family: Verdana, Arial, Helvetica, sans-serif; font-size: small;\"> hammaspy\u00f6r\u00e4pumppu<\/span><\/li>\n<li><span style=\"font-family: Verdana, Arial, Helvetica, sans-serif; font-size: small;\"> suodatin<\/span><\/li>\n<li><span style=\"font-family: Verdana, Arial, Helvetica, sans-serif; font-size: small;\">\u00f6ljys\u00e4ili\u00f6 ja tarvittaessa vuotoallas<\/span><\/li>\n<\/ul>\n<p><span style=\"font-family: Verdana, Arial, Helvetica, sans-serif; font-size: small;\"><br \/>\n<strong>Nostonopeus<\/strong><\/span><\/p>\n<ul>\n<li><span style=\"font-family: Verdana, Arial, Helvetica, sans-serif; font-size: small;\"> normaalisti n. 50 mm\/s<\/span><\/li>\n<li><span style=\"font-family: Verdana, Arial, Helvetica, sans-serif; font-size: small;\"> erikoisk\u00e4ytt\u00f6\u00f6n nopeat tai&nbsp;s\u00e4\u00e4dett\u00e4v\u00e4ll\u00e4 nopeudella liikkuvat nostop\u00f6yd\u00e4t<\/span><\/li>\n<\/ul>\n<\/div>\n","protected":false},"excerpt":{"rendered":"<p>Sylinterit yksitoiminen kovakromattu, kaksitoiminen valinnaisena, uppom\u00e4nt\u00e4sylinteri vakiona ilmausruuvi uppom\u00e4nt\u00e4sylintereiss\u00e4 vakiona iskunrajoitin Ohjaustapoja painonapit yl\u00f6s \/ alas jalkapoljink\u00e4ytt\u00f6 yl\u00f6s \/ alas kytkent\u00e4 riviliitinkotelolle, ohjaus asiakkaan omasta j\u00e4rjestelm\u00e4st\u00e4 monimutkaisemmat toiminnat logiikkaohjauksella Pintak\u00e4sittely aina metalliosien raepuhallus ennen maalausta vakiona polyuretaanimaalaus PUR80, vaihtoehtona PUR100 tai vaativaan ymp\u00e4rist\u00f6\u00f6n&nbsp;suositeltavat PUR120\/2 ja PUR240\/3 epoksimaalaus E80 tai E120 tilauksesta v\u00e4ris\u00e4vy RAL 5024&nbsp;vakiona, muut [&hellip;]<\/p>\n","protected":false},"author":1,"featured_media":0,"parent":14,"menu_order":0,"comment_status":"closed","ping_status":"closed","template":"","meta":{"_links_to":"","_links_to_target":""},"_links":{"self":[{"href":"https:\/\/www.nostolava.fi\/fi\/wp-json\/wp\/v2\/pages\/107"}],"collection":[{"href":"https:\/\/www.nostolava.fi\/fi\/wp-json\/wp\/v2\/pages"}],"about":[{"href":"https:\/\/www.nostolava.fi\/fi\/wp-json\/wp\/v2\/types\/page"}],"author":[{"embeddable":true,"href":"https:\/\/www.nostolava.fi\/fi\/wp-json\/wp\/v2\/users\/1"}],"replies":[{"embeddable":true,"href":"https:\/\/www.nostolava.fi\/fi\/wp-json\/wp\/v2\/comments?post=107"}],"version-history":[{"count":4,"href":"https:\/\/www.nostolava.fi\/fi\/wp-json\/wp\/v2\/pages\/107\/revisions"}],"predecessor-version":[{"id":276,"href":"https:\/\/www.nostolava.fi\/fi\/wp-json\/wp\/v2\/pages\/107\/revisions\/276"}],"up":[{"embeddable":true,"href":"https:\/\/www.nostolava.fi\/fi\/wp-json\/wp\/v2\/pages\/14"}],"wp:attachment":[{"href":"https:\/\/www.nostolava.fi\/fi\/wp-json\/wp\/v2\/media?parent=107"}],"curies":[{"name":"wp","href":"https:\/\/api.w.org\/{rel}","templated":true}]}}