{"id":12,"date":"2017-03-13T09:52:11","date_gmt":"2017-03-13T09:52:11","guid":{"rendered":"http:\/\/nostolava.localhost\/?page_id=12"},"modified":"2021-03-23T16:04:54","modified_gmt":"2021-03-23T14:04:54","slug":"uusia-sovelluksia","status":"publish","type":"page","link":"https:\/\/www.nostolava.fi\/fi\/toimintaperiaate\/uusia-sovelluksia\/","title":{"rendered":"Uusia sovelluksia"},"content":{"rendered":"<p><strong><span style=\"font-family: Verdana,Arial,Helvetica,sans-serif; font-size: small;\">Teollisuuden tarpeet ovat monipuolisia ja haastavia<\/span><\/strong><\/p>\n<p><span style=\"font-family: Verdana,Arial,Helvetica,sans-serif; font-size: small;\">Turengin Nostolava Oy on 45 vuoden varrella kehitt\u00e4nyt lujan ammattitaidon toteuttaa mit\u00e4 erilaisimpia projekteja. K\u00e4ymme tarvittaessa paikan p\u00e4\u00e4ll\u00e4 tutustumassa kohteeseen, jonka j\u00e4lkeen pystymme tekem\u00e4\u00e4n luonnosehdotuksen ja tarjouksen tuotteesta. <\/span><\/p>\n","protected":false},"excerpt":{"rendered":"<p>Teollisuuden tarpeet ovat monipuolisia ja haastavia Turengin Nostolava Oy on 45 vuoden varrella kehitt\u00e4nyt lujan ammattitaidon toteuttaa mit\u00e4 erilaisimpia projekteja. K\u00e4ymme tarvittaessa paikan p\u00e4\u00e4ll\u00e4 tutustumassa kohteeseen, jonka j\u00e4lkeen pystymme tekem\u00e4\u00e4n luonnosehdotuksen ja tarjouksen tuotteesta.<\/p>\n","protected":false},"author":1,"featured_media":0,"parent":18,"menu_order":0,"comment_status":"closed","ping_status":"closed","template":"","meta":{"_links_to":"","_links_to_target":""},"_links":{"self":[{"href":"https:\/\/www.nostolava.fi\/fi\/wp-json\/wp\/v2\/pages\/12"}],"collection":[{"href":"https:\/\/www.nostolava.fi\/fi\/wp-json\/wp\/v2\/pages"}],"about":[{"href":"https:\/\/www.nostolava.fi\/fi\/wp-json\/wp\/v2\/types\/page"}],"author":[{"embeddable":true,"href":"https:\/\/www.nostolava.fi\/fi\/wp-json\/wp\/v2\/users\/1"}],"replies":[{"embeddable":true,"href":"https:\/\/www.nostolava.fi\/fi\/wp-json\/wp\/v2\/comments?post=12"}],"version-history":[{"count":4,"href":"https:\/\/www.nostolava.fi\/fi\/wp-json\/wp\/v2\/pages\/12\/revisions"}],"predecessor-version":[{"id":275,"href":"https:\/\/www.nostolava.fi\/fi\/wp-json\/wp\/v2\/pages\/12\/revisions\/275"}],"up":[{"embeddable":true,"href":"https:\/\/www.nostolava.fi\/fi\/wp-json\/wp\/v2\/pages\/18"}],"wp:attachment":[{"href":"https:\/\/www.nostolava.fi\/fi\/wp-json\/wp\/v2\/media?parent=12"}],"curies":[{"name":"wp","href":"https:\/\/api.w.org\/{rel}","templated":true}]}}