{"id":135,"date":"2017-03-16T10:04:21","date_gmt":"2017-03-16T10:04:21","guid":{"rendered":"https:\/\/www.nostolava.fi\/?page_id=135"},"modified":"2017-04-25T09:14:38","modified_gmt":"2017-04-25T09:14:38","slug":"rinnakkaissaksiset-nostopoydat","status":"publish","type":"page","link":"https:\/\/www.nostolava.fi\/fi\/tuotteet\/rinnakkaissaksiset-nostopoydat\/","title":{"rendered":"Rinnakkaissaksiset nostop\u00f6yd\u00e4t"},"content":{"rendered":"<p><span style=\"font-family: Verdana, Arial, Helvetica, sans-serif; font-size: small;\">Kahdella tai useammalla rinnakkaisella nostosaksella kannen kokoa ja nostovoimaa voidaan kasvattaa. Useammalla nostosaksella tasosta saadaan vakaampi ja ep\u00e4keskeisen kuorman sieto on parempi. Koneiden ja laitteiden koon kasvaessa rinnakkaisilla saksistoilla voidaan tehd\u00e4 my\u00f6s henkil\u00f6nostoon tarkoitettuja kookkaita, korkeuss\u00e4\u00e4dett\u00e4vi\u00e4 hoitotasoja.<\/span><\/p>\n<p><span style=\"font-family: Verdana, Arial, Helvetica, sans-serif; font-size: small;\">Kuvassa n\u00e4kyv\u00e4ss\u00e4 nostimessa on vet\u00e4v\u00e4 kuljetin.<\/span><\/p>\n<p><img decoding=\"async\" loading=\"lazy\" class=\"alignnone size-medium wp-image-130\" src=\"https:\/\/www.nostolava.fi\/wp-content\/uploads\/2017\/03\/nostopoydat_rinnakkaissaksiset1-300x204.jpg\" alt=\"\" width=\"300\" height=\"204\" srcset=\"https:\/\/www.nostolava.fi\/fi\/wp-content\/uploads\/3\/2017\/03\/nostopoydat_rinnakkaissaksiset1-300x204.jpg 300w, https:\/\/www.nostolava.fi\/fi\/wp-content\/uploads\/3\/2017\/03\/nostopoydat_rinnakkaissaksiset1-285x194.jpg 285w, https:\/\/www.nostolava.fi\/fi\/wp-content\/uploads\/3\/2017\/03\/nostopoydat_rinnakkaissaksiset1.jpg 367w\" sizes=\"(max-width: 300px) 100vw, 300px\" \/><\/p>\n","protected":false},"excerpt":{"rendered":"<p>Kahdella tai useammalla rinnakkaisella nostosaksella kannen kokoa ja nostovoimaa voidaan kasvattaa. Useammalla nostosaksella tasosta saadaan vakaampi ja ep\u00e4keskeisen kuorman sieto on parempi. Koneiden ja laitteiden koon kasvaessa rinnakkaisilla saksistoilla voidaan tehd\u00e4 my\u00f6s henkil\u00f6nostoon tarkoitettuja kookkaita, korkeuss\u00e4\u00e4dett\u00e4vi\u00e4 hoitotasoja. Kuvassa n\u00e4kyv\u00e4ss\u00e4 nostimessa on vet\u00e4v\u00e4 kuljetin.<\/p>\n","protected":false},"author":1,"featured_media":0,"parent":14,"menu_order":0,"comment_status":"closed","ping_status":"closed","template":"","meta":{"_links_to":"","_links_to_target":""},"_links":{"self":[{"href":"https:\/\/www.nostolava.fi\/fi\/wp-json\/wp\/v2\/pages\/135"}],"collection":[{"href":"https:\/\/www.nostolava.fi\/fi\/wp-json\/wp\/v2\/pages"}],"about":[{"href":"https:\/\/www.nostolava.fi\/fi\/wp-json\/wp\/v2\/types\/page"}],"author":[{"embeddable":true,"href":"https:\/\/www.nostolava.fi\/fi\/wp-json\/wp\/v2\/users\/1"}],"replies":[{"embeddable":true,"href":"https:\/\/www.nostolava.fi\/fi\/wp-json\/wp\/v2\/comments?post=135"}],"version-history":[{"count":3,"href":"https:\/\/www.nostolava.fi\/fi\/wp-json\/wp\/v2\/pages\/135\/revisions"}],"predecessor-version":[{"id":237,"href":"https:\/\/www.nostolava.fi\/fi\/wp-json\/wp\/v2\/pages\/135\/revisions\/237"}],"up":[{"embeddable":true,"href":"https:\/\/www.nostolava.fi\/fi\/wp-json\/wp\/v2\/pages\/14"}],"wp:attachment":[{"href":"https:\/\/www.nostolava.fi\/fi\/wp-json\/wp\/v2\/media?parent=135"}],"curies":[{"name":"wp","href":"https:\/\/api.w.org\/{rel}","templated":true}]}}