{"id":138,"date":"2017-03-16T10:08:59","date_gmt":"2017-03-16T10:08:59","guid":{"rendered":"https:\/\/www.nostolava.fi\/?page_id=138"},"modified":"2017-04-25T07:24:33","modified_gmt":"2017-04-25T07:24:33","slug":"kannen-yleisimpia-varusteluvaihtoehtoja","status":"publish","type":"page","link":"https:\/\/www.nostolava.fi\/fi\/tuotteet\/kannen-yleisimpia-varusteluvaihtoehtoja\/","title":{"rendered":"Kannen yleisimpi\u00e4 varusteluvaihtoehtoja"},"content":{"rendered":"<p>Nostop\u00f6yti\u00e4 varustetaan varsin monipuolisilla lis\u00e4varusteilla eri teollisuudenalojen tarpeisiin. T\u00e4ss\u00e4 muutamia yleisimpi\u00e4 kannen varusteluvaihtoehtoja. Eri ratkaisuja voidaan my\u00f6s yhdistell\u00e4, esimerkiksi kannessa voi olla v-ura ja kippaustoiminto sek\u00e4 sivuttais- ja pitkitt\u00e4issiirto.<\/p>\n<table class=\"kannet\">\n<tbody>\n<tr>\n<td width=\"180\"><img decoding=\"async\" loading=\"lazy\" class=\"alignnone size-full wp-image-119\" src=\"https:\/\/www.nostolava.fi\/wp-content\/uploads\/2017\/03\/kannet1.gif\" alt=\"\" width=\"160\" height=\"119\" \/><\/td>\n<td>Vet\u00e4v\u00e4t-\/vapaat rullaradat. Rullien p\u00e4\u00e4ll\u00e4 raskaskin taakka liikkuu kevyesti. Rullien mitoitus, jakov\u00e4li ja materiaali valitaan kohteen mukaan.<\/td>\n<\/tr>\n<tr>\n<td><img decoding=\"async\" loading=\"lazy\" class=\"alignnone size-full wp-image-120\" src=\"https:\/\/www.nostolava.fi\/wp-content\/uploads\/2017\/03\/kannet2.gif\" alt=\"\" width=\"160\" height=\"129\" \/><\/td>\n<td>Ketjukuljettimet. Tyypillisi\u00e4 k\u00e4ytt\u00f6kohteita l\u00f6ytyy esimerkiksi levyteollisuudesta. Ketjutyypit ja materiaalit valitaan k\u00e4ytt\u00f6kohteen mukaan.<\/td>\n<\/tr>\n<tr>\n<td><img decoding=\"async\" loading=\"lazy\" class=\"alignnone size-full wp-image-121\" src=\"https:\/\/www.nostolava.fi\/wp-content\/uploads\/2017\/03\/kannet3.gif\" alt=\"\" width=\"160\" height=\"127\" \/><\/td>\n<td>V-ura. V-ura on k\u00e4tev\u00e4 tapa keskitt\u00e4\u00e4 rulla tiettyyn kohtaan p\u00f6yt\u00e4\u00e4.<\/td>\n<\/tr>\n<tr>\n<td><img decoding=\"async\" loading=\"lazy\" class=\"alignnone size-full wp-image-122\" src=\"https:\/\/www.nostolava.fi\/wp-content\/uploads\/2017\/03\/kannet4.gif\" alt=\"\" width=\"160\" height=\"128\" \/><\/td>\n<td>U-kansi. Soveltuu esimerkiksi kuormalavojen k\u00e4sittelyyn. Yhdess\u00e4 matalan p\u00f6yt\u00e4rakenteen kanssa kuormalava voidaan tuoda ja poistaa pumppuk\u00e4rryll\u00e4 nostop\u00f6yd\u00e4n p\u00e4\u00e4lt\u00e4. U-lavan runkorakenne poikkeaa kuvan nostimesta.<\/td>\n<\/tr>\n<tr>\n<td><img decoding=\"async\" loading=\"lazy\" class=\"alignnone size-full wp-image-123\" src=\"https:\/\/www.nostolava.fi\/wp-content\/uploads\/2017\/03\/kannet5.gif\" alt=\"\" width=\"160\" height=\"129\" \/><\/td>\n<td>Kannen sivuttaissiirto. Helpottaa raskaiden taakkojen siirtoa kannella kun vaatimus paikoitustarkkuudelle on suuri.<\/td>\n<\/tr>\n<tr>\n<td><img decoding=\"async\" loading=\"lazy\" class=\"alignnone size-full wp-image-124\" src=\"https:\/\/www.nostolava.fi\/wp-content\/uploads\/2017\/03\/kannet6.gif\" alt=\"\" width=\"160\" height=\"127\" \/><\/td>\n<td>Py\u00f6riv\u00e4 kansi. Helpottaa taakan k\u00e4sittely\u00e4 esimerkiksi asennusty\u00f6ss\u00e4 tai maalauksessa. Kansi voi olla vapaasti tai koneellisesti py\u00f6riv\u00e4.<\/td>\n<\/tr>\n<tr>\n<td><img decoding=\"async\" loading=\"lazy\" class=\"alignnone size-full wp-image-125\" src=\"https:\/\/www.nostolava.fi\/wp-content\/uploads\/2017\/03\/kannet7.gif\" alt=\"\" width=\"160\" height=\"139\" \/><\/td>\n<td>Kippikansi. Helpottaa tavaroiden siirtoa tai jatkok\u00e4sittely\u00e4. Kippaustoiminto on usein yhdess\u00e4 kannen v-uran \u00a0kanssa.<\/td>\n<\/tr>\n<tr>\n<td><img decoding=\"async\" loading=\"lazy\" class=\"alignnone size-full wp-image-126\" src=\"https:\/\/www.nostolava.fi\/wp-content\/uploads\/2017\/03\/kannet8.gif\" alt=\"\" width=\"160\" height=\"128\" \/><\/td>\n<td>Trukkilastauspalkit. Helpottavat lastausta kun taakkoja k\u00e4sitell\u00e4\u00e4n trukilla.<\/td>\n<\/tr>\n<\/tbody>\n<\/table>\n<p>Muita varusteita:<br \/>\nSuojaverkot ja -palkeet, valokenno-ohjaus, mekaaniset lukitukset, kaiteet ja portit sek\u00e4 yliajoesteet.<br \/>\nKaikkia mahdollisia varusteita on mahdotonta listata ja siksi parhaaseen lopputulokseen p\u00e4\u00e4semme, kun kartoitamme k\u00e4ytt\u00f6tarpeenne yhdess\u00e4.<\/p>\n","protected":false},"excerpt":{"rendered":"<p>Nostop\u00f6yti\u00e4 varustetaan varsin monipuolisilla lis\u00e4varusteilla eri teollisuudenalojen tarpeisiin. T\u00e4ss\u00e4 muutamia yleisimpi\u00e4 kannen varusteluvaihtoehtoja. Eri ratkaisuja voidaan my\u00f6s yhdistell\u00e4, esimerkiksi kannessa voi olla v-ura ja kippaustoiminto sek\u00e4 sivuttais- ja pitkitt\u00e4issiirto. Vet\u00e4v\u00e4t-\/vapaat rullaradat. Rullien p\u00e4\u00e4ll\u00e4 raskaskin taakka liikkuu kevyesti. Rullien mitoitus, jakov\u00e4li ja materiaali valitaan kohteen mukaan. Ketjukuljettimet. Tyypillisi\u00e4 k\u00e4ytt\u00f6kohteita l\u00f6ytyy esimerkiksi levyteollisuudesta. Ketjutyypit ja materiaalit valitaan [&hellip;]<\/p>\n","protected":false},"author":1,"featured_media":0,"parent":14,"menu_order":0,"comment_status":"closed","ping_status":"closed","template":"","meta":{"_links_to":"","_links_to_target":""},"_links":{"self":[{"href":"https:\/\/www.nostolava.fi\/fi\/wp-json\/wp\/v2\/pages\/138"}],"collection":[{"href":"https:\/\/www.nostolava.fi\/fi\/wp-json\/wp\/v2\/pages"}],"about":[{"href":"https:\/\/www.nostolava.fi\/fi\/wp-json\/wp\/v2\/types\/page"}],"author":[{"embeddable":true,"href":"https:\/\/www.nostolava.fi\/fi\/wp-json\/wp\/v2\/users\/1"}],"replies":[{"embeddable":true,"href":"https:\/\/www.nostolava.fi\/fi\/wp-json\/wp\/v2\/comments?post=138"}],"version-history":[{"count":5,"href":"https:\/\/www.nostolava.fi\/fi\/wp-json\/wp\/v2\/pages\/138\/revisions"}],"predecessor-version":[{"id":231,"href":"https:\/\/www.nostolava.fi\/fi\/wp-json\/wp\/v2\/pages\/138\/revisions\/231"}],"up":[{"embeddable":true,"href":"https:\/\/www.nostolava.fi\/fi\/wp-json\/wp\/v2\/pages\/14"}],"wp:attachment":[{"href":"https:\/\/www.nostolava.fi\/fi\/wp-json\/wp\/v2\/media?parent=138"}],"curies":[{"name":"wp","href":"https:\/\/api.w.org\/{rel}","templated":true}]}}