{"id":16,"date":"2017-03-13T09:52:53","date_gmt":"2017-03-13T09:52:53","guid":{"rendered":"http:\/\/nostolava.localhost\/?page_id=16"},"modified":"2017-04-25T09:20:24","modified_gmt":"2017-04-25T09:20:24","slug":"yksisaksiset-nostopoydat","status":"publish","type":"page","link":"https:\/\/www.nostolava.fi\/fi\/tuotteet\/yksisaksiset-nostopoydat\/","title":{"rendered":"Yksisaksiset nostop\u00f6yd\u00e4t"},"content":{"rendered":"<p><span style=\"font-family: Verdana,Arial,Helvetica,sans-serif; font-size: small;\"><strong><img decoding=\"async\" loading=\"lazy\" class=\"size-full wp-image-114 alignright\" src=\"https:\/\/www.nostolava.fi\/wp-content\/uploads\/2017\/03\/nostopoydat_yksisaksiset1.gif\" alt=\"\" width=\"200\" height=\"228\" \/><img decoding=\"async\" loading=\"lazy\" class=\"size-full wp-image-115 alignright\" src=\"https:\/\/www.nostolava.fi\/wp-content\/uploads\/2017\/03\/nostopoydat_yksisaksiset2.gif\" alt=\"\" width=\"187\" height=\"250\" \/><\/strong><\/span><span style=\"font-family: Verdana,Arial,Helvetica,sans-serif; font-size: small;\">Yksisaksinen nostop\u00f6yt\u00e4 on usein taloudellisesti edullisin ratkaisu silloin, kun kannen koon ei tarvitse olla kovin suuri ja nostoliike on kohtuullinen.<br \/>\nK\u00e4ytt\u00f6kohteita on rajattomasti. Niist\u00e4 tyypillisimpi\u00e4 ovat lastaussillat, paperirullien tai tasomaisten kappaleiden nostimet. Yksisaksiset nostop\u00f6yd\u00e4t\u00a0voidaan tehd\u00e4 my\u00f6s matalarakenteisena, jos alakorkeus ei saa nousta liian suureksi muun kuljetusj\u00e4rjestelm\u00e4n tai esimerkiksi kuormalavojen k\u00e4sittelyn vuoksi. Varusteluvaihtoehtoja on lukuisia. Kuvassa oikealla olevassa nostimessa on esimerkiksi kannen hydraulinen sivuttaissiirto sek\u00e4 elektroninen vaakalaite taakan punnitsemista varten.<\/span><\/p>\n<p><span style=\"font-family: Verdana,Arial,Helvetica,sans-serif; font-size: small;\">Paperitehtaissa nostop\u00f6ydill\u00e4 on keskeinen teht\u00e4v\u00e4 rullien k\u00e4sittelyss\u00e4. Kuvassa vasemmalla olevassa nostimessa on v-urainen kippikansi.<\/span><\/p>\n<p><span style=\"font-family: Verdana,Arial,Helvetica,sans-serif; font-size: small;\">Nostop\u00f6yd\u00e4t voidaan asentaa joko lattiapinnalle tai kuoppaan. Tarvittaessa toimitamme kuvan my\u00f6s asennuskuopan mitoituksesta. Nostimen ei my\u00f6sk\u00e4\u00e4n aina tarvitse olla kiinte\u00e4sti lattiassa vaan se voidaan asettaa py\u00f6rien p\u00e4\u00e4lle, joko vet\u00e4ville tai vapaasti py\u00f6riville.<\/span><\/p>\n<p>&nbsp;<\/p>\n","protected":false},"excerpt":{"rendered":"<p>Yksisaksinen nostop\u00f6yt\u00e4 on usein taloudellisesti edullisin ratkaisu silloin, kun kannen koon ei tarvitse olla kovin suuri ja nostoliike on kohtuullinen. K\u00e4ytt\u00f6kohteita on rajattomasti. Niist\u00e4 tyypillisimpi\u00e4 ovat lastaussillat, paperirullien tai tasomaisten kappaleiden nostimet. Yksisaksiset nostop\u00f6yd\u00e4t\u00a0voidaan tehd\u00e4 my\u00f6s matalarakenteisena, jos alakorkeus ei saa nousta liian suureksi muun kuljetusj\u00e4rjestelm\u00e4n tai esimerkiksi kuormalavojen k\u00e4sittelyn vuoksi. Varusteluvaihtoehtoja on lukuisia. Kuvassa [&hellip;]<\/p>\n","protected":false},"author":1,"featured_media":0,"parent":14,"menu_order":0,"comment_status":"closed","ping_status":"closed","template":"","meta":{"_links_to":"","_links_to_target":""},"_links":{"self":[{"href":"https:\/\/www.nostolava.fi\/fi\/wp-json\/wp\/v2\/pages\/16"}],"collection":[{"href":"https:\/\/www.nostolava.fi\/fi\/wp-json\/wp\/v2\/pages"}],"about":[{"href":"https:\/\/www.nostolava.fi\/fi\/wp-json\/wp\/v2\/types\/page"}],"author":[{"embeddable":true,"href":"https:\/\/www.nostolava.fi\/fi\/wp-json\/wp\/v2\/users\/1"}],"replies":[{"embeddable":true,"href":"https:\/\/www.nostolava.fi\/fi\/wp-json\/wp\/v2\/comments?post=16"}],"version-history":[{"count":6,"href":"https:\/\/www.nostolava.fi\/fi\/wp-json\/wp\/v2\/pages\/16\/revisions"}],"predecessor-version":[{"id":239,"href":"https:\/\/www.nostolava.fi\/fi\/wp-json\/wp\/v2\/pages\/16\/revisions\/239"}],"up":[{"embeddable":true,"href":"https:\/\/www.nostolava.fi\/fi\/wp-json\/wp\/v2\/pages\/14"}],"wp:attachment":[{"href":"https:\/\/www.nostolava.fi\/fi\/wp-json\/wp\/v2\/media?parent=16"}],"curies":[{"name":"wp","href":"https:\/\/api.w.org\/{rel}","templated":true}]}}