{"id":2,"date":"2017-03-13T09:17:24","date_gmt":"2017-03-13T09:17:24","guid":{"rendered":"http:\/\/nostolava.localhost\/?page_id=2"},"modified":"2017-04-25T07:11:12","modified_gmt":"2017-04-25T07:11:12","slug":"laadukkaita-yksityiskohtia","status":"publish","type":"page","link":"https:\/\/www.nostolava.fi\/fi\/toimintaperiaate\/laadukkaita-yksityiskohtia\/","title":{"rendered":"Laadukkaita yksityiskohtia"},"content":{"rendered":"<p><span style=\"font-family: Verdana,Arial,Helvetica,sans-serif; font-size: small;\"><strong>Oma suunnittelu takaa toimivat ratkaisut<\/strong><\/span><\/p>\n<p><span style=\"font-family: Verdana,Arial,Helvetica,sans-serif; font-size: small;\"> Suunnitteluprosessiin kuuluu tuotteen koko elinkaaren suunnittelu. K\u00e4ytt\u00e4m\u00e4mme komponentit ovat pitk\u00e4aikaisten yhteisty\u00f6kumppaniemme valmistamia ja kovassa teollisuusk\u00e4yt\u00f6ss\u00e4 testattuja. P\u00e4\u00e4m\u00e4\u00e4r\u00e4n\u00e4 on hyv\u00e4 laatu, luotettavuus, turvallisuus ja k\u00e4ytt\u00f6mukavuus. Teollisuudessa nostop\u00f6ytien k\u00e4ytt\u00f6 on usein keskeytym\u00e4t\u00f6nt\u00e4, jolloin k\u00e4ytt\u00f6- ja huoltovarmuudelle annetaan erityinen painoarvo. Nostimen hankintaa suunniteltaessa voidaan huoltoon liittyv\u00e4t seikat ottaa jo alkuvaiheessa huomioon. Esimerkiksi laakerit voivat olla kestovoidellut tai nostin voidaan varustaa automaattisella voiteluj\u00e4rjestelm\u00e4ll\u00e4. Normaali nippavoitelukin voidaan rakentaa\u00a0siten, ett\u00e4 nipat tuodaan putkituksella paikkaan jossa ty\u00f6 k\u00e4y nopeasti ja turvallisesti.<\/span><\/p>\n<p><span style=\"font-family: Verdana,Arial,Helvetica,sans-serif; font-size: small;\"> K\u00e4ytt\u00f6ymp\u00e4rist\u00f6 asettaa my\u00f6s usein erityisvaatimuksia materiaaleille ja komponenteille. Korrosoivat aineet, p\u00f6ly tai kosteus saattavat lyhent\u00e4\u00e4 nostop\u00f6yd\u00e4n\u00a0k\u00e4ytt\u00f6ik\u00e4\u00e4 huomattavasti, ellei olosuhteita oteta huomioon jo laitteen suunnittelussa. Ymp\u00e4rist\u00f6 saattaa est\u00e4\u00e4 my\u00f6s \u00f6ljyjen tai s\u00e4hk\u00f6laitteiden k\u00e4yt\u00f6n, jolloin apu usein l\u00f6ytyy pneumatiikasta tai t\u00e4ysin mekaanisista ratkaisuista. <\/span><span style=\"font-family: Verdana,Arial,Helvetica,sans-serif; font-size: small;\">Kaikkien valmistamiemme nostop\u00f6ytien ohjaus suunnitellaan tapauskohtaisesti k\u00e4ytt\u00f6tarpeen mukaan.<\/span><\/p>\n<p><span style=\"font-family: Verdana,Arial,Helvetica,sans-serif; font-size: small;\">Yksinkertaisimmillaan ohjaus tehd\u00e4\u00e4n painonapeilla tai jalkapolkimella. Monimutkaisemmat tarpeet hoidetaan logiikkaohjauksella. Mik\u00e4li asiakas hoitaa ohjauksen omasta j\u00e4rjestelm\u00e4st\u00e4\u00e4n, teemme kytkenn\u00e4t riviliitinkoteloon jatkokytkent\u00e4\u00e4 varten.<br \/>\nK\u00e4ytt\u00e4m\u00e4mme komponentit ovat yleisesti tunnettuja ja n\u00e4inollen helposti saatavilla. Kotimaisena valmistajana tekninen tuki on l\u00e4hell\u00e4. <\/span><\/p>\n","protected":false},"excerpt":{"rendered":"<p>Oma suunnittelu takaa toimivat ratkaisut Suunnitteluprosessiin kuuluu tuotteen koko elinkaaren suunnittelu. K\u00e4ytt\u00e4m\u00e4mme komponentit ovat pitk\u00e4aikaisten yhteisty\u00f6kumppaniemme valmistamia ja kovassa teollisuusk\u00e4yt\u00f6ss\u00e4 testattuja. P\u00e4\u00e4m\u00e4\u00e4r\u00e4n\u00e4 on hyv\u00e4 laatu, luotettavuus, turvallisuus ja k\u00e4ytt\u00f6mukavuus. Teollisuudessa nostop\u00f6ytien k\u00e4ytt\u00f6 on usein keskeytym\u00e4t\u00f6nt\u00e4, jolloin k\u00e4ytt\u00f6- ja huoltovarmuudelle annetaan erityinen painoarvo. Nostimen hankintaa suunniteltaessa voidaan huoltoon liittyv\u00e4t seikat ottaa jo alkuvaiheessa huomioon. Esimerkiksi laakerit [&hellip;]<\/p>\n","protected":false},"author":1,"featured_media":0,"parent":18,"menu_order":0,"comment_status":"closed","ping_status":"closed","template":"","meta":{"_links_to":"","_links_to_target":""},"_links":{"self":[{"href":"https:\/\/www.nostolava.fi\/fi\/wp-json\/wp\/v2\/pages\/2"}],"collection":[{"href":"https:\/\/www.nostolava.fi\/fi\/wp-json\/wp\/v2\/pages"}],"about":[{"href":"https:\/\/www.nostolava.fi\/fi\/wp-json\/wp\/v2\/types\/page"}],"author":[{"embeddable":true,"href":"https:\/\/www.nostolava.fi\/fi\/wp-json\/wp\/v2\/users\/1"}],"replies":[{"embeddable":true,"href":"https:\/\/www.nostolava.fi\/fi\/wp-json\/wp\/v2\/comments?post=2"}],"version-history":[{"count":4,"href":"https:\/\/www.nostolava.fi\/fi\/wp-json\/wp\/v2\/pages\/2\/revisions"}],"predecessor-version":[{"id":227,"href":"https:\/\/www.nostolava.fi\/fi\/wp-json\/wp\/v2\/pages\/2\/revisions\/227"}],"up":[{"embeddable":true,"href":"https:\/\/www.nostolava.fi\/fi\/wp-json\/wp\/v2\/pages\/18"}],"wp:attachment":[{"href":"https:\/\/www.nostolava.fi\/fi\/wp-json\/wp\/v2\/media?parent=2"}],"curies":[{"name":"wp","href":"https:\/\/api.w.org\/{rel}","templated":true}]}}