{"id":31,"date":"2017-03-13T11:51:07","date_gmt":"2017-03-13T11:51:07","guid":{"rendered":"https:\/\/www.nostolava.fi\/?page_id=31"},"modified":"2021-03-23T16:17:12","modified_gmt":"2021-03-23T14:17:12","slug":"etusivu","status":"publish","type":"page","link":"https:\/\/www.nostolava.fi\/fi\/","title":{"rendered":"Etusivu"},"content":{"rendered":"\n<p class=\"has-text-align-center\">Turengin Nostolavalla on pitk\u00e4aikainen kokemus r\u00e4\u00e4t\u00e4l\u00f6ityjen nostinten suunnittelusta ja valmistuksesta. NOSTOLAVA-nostop\u00f6yti\u00e4 k\u00e4ytet\u00e4\u00e4n monilla teollisuuden aloilla, mm. paperiteollisuudessa, mekaanisessa puunjalostusteollisuudessa, raskaassa metalliteollisuudessa sek\u00e4 rakennusteollisuudessa. Yrityksiss\u00e4 jotka ovat alansa huippuja.<\/p>\n\n\n\n<p class=\"has-text-align-center\">Nostimiamme l\u00f6ytyy kaikkialta maailmasta, erilaisissa olosuhteissa ja k\u00e4yt\u00f6iss\u00e4. Yhteist\u00e4 n\u00e4ille nostimille on se, ett\u00e4 vaatimuksena on ehdoton luotettavuus, kest\u00e4vyys ja toiminnallisuus. N\u00e4m\u00e4 asiat ovatkin toimintamme johtot\u00e4hten\u00e4 sill\u00e4 vasta luotettavuus ja k\u00e4ytt\u00f6varmuus tekev\u00e4t nostop\u00f6yd\u00e4st\u00e4&nbsp;tuottavan.<\/p>\n\n\n\n<p class=\"has-text-align-center\">Vuodesta 1976 olemme hankkineet arvokasta kokemusta erikoistumalla vaativien kohteiden nostoratkaisuihin. T\u00e4st\u00e4 tietotaidosta hy\u00f6tyv\u00e4t kaikki Nostolavojen k\u00e4ytt\u00e4j\u00e4t. Pienet ja suuret nostimet tehd\u00e4\u00e4n samoin rakenneperiaattein ja varmuuskertoimin. Olemme tehneet nostimia 50 kg:n nostovoimasta 65 tonnin nostimiin. Asiakasl\u00e4ht\u00f6inen suunnittelumme takaa sen ett\u00e4 pystymme ottamaan huomioon asiakkaiden tuottavuus- ja ty\u00f6ymp\u00e4rist\u00f6kysymykset. Kaikki valmistamamme nostimet t\u00e4ytt\u00e4v\u00e4t nostop\u00f6ydille asetetun turvallisuusnormin EN 1570-1 + A1.<\/p>\n\n\n\n<p class=\"has-text-align-center\">Joustava tuotantomenetelm\u00e4mme mahdollistaa r\u00e4\u00e4t\u00e4l\u00f6idyt ratkaisut ja pitk\u00e4aikainen kokemuksemme on valmistuksen laadun takuuna. Kaikki valmistamamme nostop\u00f6yd\u00e4t k\u00e4yv\u00e4t viel\u00e4 ennen toimitusta l\u00e4pi moniosaisen tarkastus- ja testiohjelman.<\/p>\n\n\n\n<figure class=\"wp-block-image\"><img decoding=\"async\" loading=\"lazy\" width=\"122\" height=\"84\" src=\"https:\/\/www.nostolava.fi\/fi\/wp-content\/uploads\/3\/2017\/03\/AA-logo-2016-FI.jpg\" alt=\"\" class=\"wp-image-202\"\/><\/figure>\n\n\n\n<figure class=\"wp-block-image\"><img decoding=\"async\" loading=\"lazy\" width=\"200\" height=\"84\" src=\"https:\/\/www.nostolava.fi\/fi\/wp-content\/uploads\/3\/2017\/03\/luotettava-kumppani.png\" alt=\"\" class=\"wp-image-201\"\/><\/figure>\n","protected":false},"excerpt":{"rendered":"<p>Turengin Nostolavalla on pitk\u00e4aikainen kokemus r\u00e4\u00e4t\u00e4l\u00f6ityjen nostinten suunnittelusta ja valmistuksesta. NOSTOLAVA-nostop\u00f6yti\u00e4 k\u00e4ytet\u00e4\u00e4n monilla teollisuuden aloilla, mm. paperiteollisuudessa, mekaanisessa puunjalostusteollisuudessa, raskaassa metalliteollisuudessa sek\u00e4 rakennusteollisuudessa. Yrityksiss\u00e4 jotka ovat alansa huippuja. Nostimiamme l\u00f6ytyy kaikkialta maailmasta, erilaisissa olosuhteissa ja k\u00e4yt\u00f6iss\u00e4. Yhteist\u00e4 n\u00e4ille nostimille on se, ett\u00e4 vaatimuksena on ehdoton luotettavuus, kest\u00e4vyys ja toiminnallisuus. N\u00e4m\u00e4 asiat ovatkin toimintamme johtot\u00e4hten\u00e4 sill\u00e4 [&hellip;]<\/p>\n","protected":false},"author":1,"featured_media":0,"parent":0,"menu_order":0,"comment_status":"closed","ping_status":"closed","template":"template-home.php","meta":{"_links_to":"","_links_to_target":""},"_links":{"self":[{"href":"https:\/\/www.nostolava.fi\/fi\/wp-json\/wp\/v2\/pages\/31"}],"collection":[{"href":"https:\/\/www.nostolava.fi\/fi\/wp-json\/wp\/v2\/pages"}],"about":[{"href":"https:\/\/www.nostolava.fi\/fi\/wp-json\/wp\/v2\/types\/page"}],"author":[{"embeddable":true,"href":"https:\/\/www.nostolava.fi\/fi\/wp-json\/wp\/v2\/users\/1"}],"replies":[{"embeddable":true,"href":"https:\/\/www.nostolava.fi\/fi\/wp-json\/wp\/v2\/comments?post=31"}],"version-history":[{"count":11,"href":"https:\/\/www.nostolava.fi\/fi\/wp-json\/wp\/v2\/pages\/31\/revisions"}],"predecessor-version":[{"id":278,"href":"https:\/\/www.nostolava.fi\/fi\/wp-json\/wp\/v2\/pages\/31\/revisions\/278"}],"wp:attachment":[{"href":"https:\/\/www.nostolava.fi\/fi\/wp-json\/wp\/v2\/media?parent=31"}],"curies":[{"name":"wp","href":"https:\/\/api.w.org\/{rel}","templated":true}]}}